{"id":1338,"date":"2021-09-20T17:43:19","date_gmt":"2021-09-20T17:43:19","guid":{"rendered":"https:\/\/elecred.cl\/?page_id=1338"},"modified":"2025-01-17T22:03:17","modified_gmt":"2025-01-17T22:03:17","slug":"inicio-en-remodelacion","status":"publish","type":"page","link":"https:\/\/elecred.cl\/","title":{"rendered":"Inicio"},"content":{"rendered":"\t\t<div data-elementor-type=\"wp-page\" data-elementor-id=\"1338\" class=\"elementor elementor-1338\" data-elementor-post-type=\"page\">\n\t\t\t\t\t\t<section class=\"elementor-section elementor-top-section elementor-element elementor-element-33a1252 elementor-section-height-min-height elementor-section-boxed elementor-section-height-default elementor-section-items-middle\" data-id=\"33a1252\" data-element_type=\"section\" data-e-type=\"section\" data-settings=\"{&quot;jet_parallax_layout_list&quot;:[],&quot;background_background&quot;:&quot;slideshow&quot;,&quot;background_slideshow_gallery&quot;:[{&quot;id&quot;:4824,&quot;url&quot;:&quot;https:\\\/\\\/elecred.cl\\\/wp-content\\\/uploads\\\/2025\\\/01\\\/CCTV-02.jpg&quot;},{&quot;id&quot;:4822,&quot;url&quot;:&quot;https:\\\/\\\/elecred.cl\\\/wp-content\\\/uploads\\\/2025\\\/01\\\/5.jpg&quot;},{&quot;id&quot;:4823,&quot;url&quot;:&quot;https:\\\/\\\/elecred.cl\\\/wp-content\\\/uploads\\\/2025\\\/01\\\/9.jpg&quot;}],&quot;background_slideshow_loop&quot;:&quot;yes&quot;,&quot;background_slideshow_slide_duration&quot;:5000,&quot;background_slideshow_slide_transition&quot;:&quot;fade&quot;,&quot;background_slideshow_transition_duration&quot;:500}\">\n\t\t\t\t\t\t<div class=\"elementor-container elementor-column-gap-default\">\n\t\t\t\t\t<div class=\"elementor-column elementor-col-100 elementor-top-column elementor-element elementor-element-b379263\" data-id=\"b379263\" data-element_type=\"column\" data-e-type=\"column\">\n\t\t\t<div class=\"elementor-widget-wrap elementor-element-populated\">\n\t\t\t\t\t\t<div class=\"elementor-element elementor-element-1ce9126 elementor--h-position-left elementor--v-position-middle elementor-pagination-position-inside elementor-widget elementor-widget-slides\" data-id=\"1ce9126\" data-element_type=\"widget\" data-e-type=\"widget\" data-settings=\"{&quot;navigation&quot;:&quot;dots&quot;,&quot;autoplay&quot;:&quot;yes&quot;,&quot;pause_on_hover&quot;:&quot;yes&quot;,&quot;autoplay_speed&quot;:5000,&quot;infinite&quot;:&quot;yes&quot;,&quot;transition&quot;:&quot;slide&quot;,&quot;transition_speed&quot;:500}\" data-widget_type=\"slides.default\">\n\t\t\t\t<div class=\"elementor-widget-container\">\n\t\t\t\t\t\t\t\t\t<div class=\"elementor-swiper\">\n\t\t\t\t\t<div class=\"elementor-slides-wrapper elementor-main-swiper swiper\" role=\"region\" aria-roledescription=\"carousel\" aria-label=\"Diapositivas\" dir=\"ltr\" data-animation=\"zoomIn\">\n\t\t\t\t<div class=\"swiper-wrapper elementor-slides\">\n\t\t\t\t\t\t\t\t\t\t<div class=\"elementor-repeater-item-934ef42 swiper-slide\" role=\"group\" aria-roledescription=\"slide\"><div class=\"swiper-slide-bg\" role=\"img\"><\/div><div class=\"swiper-slide-inner\" ><div class=\"swiper-slide-contents\"><div class=\"elementor-slide-heading\">Seguridad CCTV<\/div><div class=\"elementor-slide-description\">En Elecred, dise\u00f1amos, desarrollamos e instalamos ecosistemas completos de Circuito Cerrado de Televisi\u00f3n (CCTV) adaptados a las necesidades espec\u00edficas de nuestros clientes.<\/div><\/div><\/div><\/div><div class=\"elementor-repeater-item-45bc36e swiper-slide\" role=\"group\" aria-roledescription=\"slide\"><div class=\"swiper-slide-bg\" role=\"img\"><\/div><div class=\"swiper-slide-inner\" ><div class=\"swiper-slide-contents\"><div class=\"elementor-slide-heading\">Enlaces Punto a Punto<\/div><div class=\"elementor-slide-description\">En Elecred, ofrecemos soluciones avanzadas en enlaces inal\u00e1mbricos punto a punto dise\u00f1adas para optimizar la conectividad entre equipos y oficinas. <\/div><\/div><\/div><\/div><div class=\"elementor-repeater-item-3840c4d swiper-slide\" role=\"group\" aria-roledescription=\"slide\"><div class=\"swiper-slide-bg\" role=\"img\"><\/div><div class=\"swiper-slide-inner\" ><div class=\"swiper-slide-contents\"><div class=\"elementor-slide-heading\">Soporte T\u00e9cnico Integral<\/div><div class=\"elementor-slide-description\">En Elecred, entendemos la importancia de mantener los sistemas cr\u00edticos en perfecto funcionamiento. <\/div><\/div><\/div><\/div><div class=\"elementor-repeater-item-ea376f2 swiper-slide\" role=\"group\" aria-roledescription=\"slide\"><div class=\"swiper-slide-bg\" role=\"img\"><\/div><div class=\"swiper-slide-inner\" ><div class=\"swiper-slide-contents\"><div class=\"elementor-slide-heading\">Obras Menores<\/div><div class=\"elementor-slide-description\">En Elecred, complementamos nuestra oferta de servicios con soluciones de obras menores dise\u00f1adas para satisfacer necesidades espec\u00edficas de construcci\u00f3n y mantenimiento.<\/div><\/div><\/div><\/div>\t\t\t\t<\/div>\n\t\t\t\t\t\t\t\t\t\t\t\t\t\t\t\t\t\t\t\t<div class=\"swiper-pagination\"><\/div>\n\t\t\t\t\t\t\t\t\t\t\t\t<\/div>\n\t\t\t\t<\/div>\n\t\t\t\t\t\t\t\t<\/div>\n\t\t\t\t<\/div>\n\t\t\t\t\t<\/div>\n\t\t<\/div>\n\t\t\t\t\t<\/div>\n\t\t<\/section>\n\t\t\t\t<section class=\"elementor-section elementor-top-section elementor-element elementor-element-68d995e elementor-section-full_width elementor-section-height-default elementor-section-height-default\" data-id=\"68d995e\" data-element_type=\"section\" data-e-type=\"section\" data-settings=\"{&quot;jet_parallax_layout_list&quot;:[]}\">\n\t\t\t\t\t\t<div class=\"elementor-container elementor-column-gap-no\">\n\t\t\t\t\t<div class=\"elementor-column elementor-col-100 elementor-top-column elementor-element elementor-element-ef0986b\" data-id=\"ef0986b\" data-element_type=\"column\" data-e-type=\"column\">\n\t\t\t<div class=\"elementor-widget-wrap elementor-element-populated\">\n\t\t\t\t\t\t<section class=\"elementor-section elementor-inner-section elementor-element elementor-element-c884af9 elementor-section-boxed elementor-section-height-default elementor-section-height-default\" data-id=\"c884af9\" data-element_type=\"section\" data-e-type=\"section\" data-settings=\"{&quot;jet_parallax_layout_list&quot;:[]}\">\n\t\t\t\t\t\t<div class=\"elementor-container elementor-column-gap-default\">\n\t\t\t\t\t<div class=\"elementor-column elementor-col-50 elementor-inner-column elementor-element elementor-element-1fc89eb animated-fast\" data-id=\"1fc89eb\" data-element_type=\"column\" data-e-type=\"column\" data-settings=\"{&quot;animation&quot;:&quot;none&quot;,&quot;background_background&quot;:&quot;classic&quot;}\">\n\t\t\t<div class=\"elementor-widget-wrap elementor-element-populated\">\n\t\t\t\t\t\t<div class=\"elementor-element elementor-element-f49c422 animated-slow elementor-invisible elementor-widget elementor-widget-heading\" data-id=\"f49c422\" data-element_type=\"widget\" data-e-type=\"widget\" data-settings=\"{&quot;_animation&quot;:&quot;fadeIn&quot;,&quot;_animation_delay&quot;:509}\" data-widget_type=\"heading.default\">\n\t\t\t\t<div class=\"elementor-widget-container\">\n\t\t\t\t\t<h3 class=\"elementor-heading-title elementor-size-xl\">Bienvenidos <\/h3>\t\t\t\t<\/div>\n\t\t\t\t<\/div>\n\t\t\t\t<div class=\"elementor-element elementor-element-4210b6c elementor-widget-divider--view-line elementor-widget elementor-widget-divider\" data-id=\"4210b6c\" data-element_type=\"widget\" data-e-type=\"widget\" data-widget_type=\"divider.default\">\n\t\t\t\t<div class=\"elementor-widget-container\">\n\t\t\t\t\t\t\t<div class=\"elementor-divider\">\n\t\t\t<span class=\"elementor-divider-separator\">\n\t\t\t\t\t\t<\/span>\n\t\t<\/div>\n\t\t\t\t\t\t<\/div>\n\t\t\t\t<\/div>\n\t\t\t\t<div class=\"elementor-element elementor-element-8b5558c elementor-widget elementor-widget-text-editor\" data-id=\"8b5558c\" data-element_type=\"widget\" data-e-type=\"widget\" data-widget_type=\"text-editor.default\">\n\t\t\t\t<div class=\"elementor-widget-container\">\n\t\t\t\t\t\t\t\t\t<p>En Elecred, nos complace recibirlos y presentarles nuestra experiencia en soluciones integrales de electricidad, seguridad, redes computacionales y obras menores de construcci\u00f3n. Contamos con un equipo altamente especializado y un firme compromiso con la excelencia y la innovaci\u00f3n. Nuestro prop\u00f3sito es brindar servicios que cumplan con los m\u00e1s altos est\u00e1ndares de calidad, garantizando la satisfacci\u00f3n y confianza de nuestros clientes. Agradecemos su elecci\u00f3n y esperamos contribuir al \u00e9xito de sus proyectos con profesionalismo y dedicaci\u00f3n.<\/p>\t\t\t\t\t\t\t\t<\/div>\n\t\t\t\t<\/div>\n\t\t\t\t\t<\/div>\n\t\t<\/div>\n\t\t\t\t<div class=\"elementor-column elementor-col-50 elementor-inner-column elementor-element elementor-element-ccf426e\" data-id=\"ccf426e\" data-element_type=\"column\" data-e-type=\"column\">\n\t\t\t<div class=\"elementor-widget-wrap elementor-element-populated\">\n\t\t\t\t\t\t<div class=\"elementor-element elementor-element-5e9116a elementor-widget elementor-widget-image\" data-id=\"5e9116a\" data-element_type=\"widget\" data-e-type=\"widget\" data-widget_type=\"image.default\">\n\t\t\t\t<div class=\"elementor-widget-container\">\n\t\t\t\t\t\t\t\t\t\t\t\t\t\t\t<img fetchpriority=\"high\" decoding=\"async\" width=\"800\" height=\"400\" src=\"https:\/\/elecred.cl\/wp-content\/uploads\/2025\/01\/Instalacion-CCTV-1024x512.jpg\" class=\"attachment-large size-large wp-image-4828\" alt=\"\" srcset=\"https:\/\/elecred.cl\/wp-content\/uploads\/2025\/01\/Instalacion-CCTV-1024x512.jpg 1024w, https:\/\/elecred.cl\/wp-content\/uploads\/2025\/01\/Instalacion-CCTV-300x150.jpg 300w, https:\/\/elecred.cl\/wp-content\/uploads\/2025\/01\/Instalacion-CCTV-768x384.jpg 768w, https:\/\/elecred.cl\/wp-content\/uploads\/2025\/01\/Instalacion-CCTV-1536x768.jpg 1536w, https:\/\/elecred.cl\/wp-content\/uploads\/2025\/01\/Instalacion-CCTV-600x300.jpg 600w, https:\/\/elecred.cl\/wp-content\/uploads\/2025\/01\/Instalacion-CCTV.jpg 2000w\" sizes=\"(max-width: 800px) 100vw, 800px\" \/>\t\t\t\t\t\t\t\t\t\t\t\t\t\t\t<\/div>\n\t\t\t\t<\/div>\n\t\t\t\t\t<\/div>\n\t\t<\/div>\n\t\t\t\t\t<\/div>\n\t\t<\/section>\n\t\t\t\t\t<\/div>\n\t\t<\/div>\n\t\t\t\t\t<\/div>\n\t\t<\/section>\n\t\t\t\t<section class=\"elementor-section elementor-top-section elementor-element elementor-element-6220e06 elementor-section-boxed elementor-section-height-default elementor-section-height-default\" data-id=\"6220e06\" data-element_type=\"section\" data-e-type=\"section\" data-settings=\"{&quot;jet_parallax_layout_list&quot;:[]}\">\n\t\t\t\t\t\t<div class=\"elementor-container elementor-column-gap-default\">\n\t\t\t\t\t<div class=\"elementor-column elementor-col-100 elementor-top-column elementor-element elementor-element-7c7c50d\" data-id=\"7c7c50d\" data-element_type=\"column\" data-e-type=\"column\">\n\t\t\t<div class=\"elementor-widget-wrap elementor-element-populated\">\n\t\t\t\t\t\t<div class=\"elementor-element elementor-element-d8cf766 animated-slow elementor-invisible elementor-widget elementor-widget-heading\" data-id=\"d8cf766\" data-element_type=\"widget\" data-e-type=\"widget\" data-settings=\"{&quot;_animation&quot;:&quot;fadeIn&quot;,&quot;_animation_delay&quot;:509}\" data-widget_type=\"heading.default\">\n\t\t\t\t<div class=\"elementor-widget-container\">\n\t\t\t\t\t<h3 class=\"elementor-heading-title elementor-size-xl\">nuestros Servicios<\/h3>\t\t\t\t<\/div>\n\t\t\t\t<\/div>\n\t\t\t\t\t<\/div>\n\t\t<\/div>\n\t\t\t\t\t<\/div>\n\t\t<\/section>\n\t\t\t\t<section class=\"elementor-section elementor-top-section elementor-element elementor-element-75c2fe0 elementor-section-boxed elementor-section-height-default elementor-section-height-default\" data-id=\"75c2fe0\" data-element_type=\"section\" data-e-type=\"section\" data-settings=\"{&quot;jet_parallax_layout_list&quot;:[]}\">\n\t\t\t\t\t\t<div class=\"elementor-container elementor-column-gap-default\">\n\t\t\t\t\t<div class=\"elementor-column elementor-col-100 elementor-top-column elementor-element elementor-element-22fc9b9\" data-id=\"22fc9b9\" data-element_type=\"column\" data-e-type=\"column\">\n\t\t\t<div class=\"elementor-widget-wrap elementor-element-populated\">\n\t\t\t\t\t\t<div class=\"elementor-element elementor-element-ab3b4ed elementor-widget elementor-widget-jet-posts\" data-id=\"ab3b4ed\" data-element_type=\"widget\" data-e-type=\"widget\" data-settings=\"{&quot;columns&quot;:&quot;2&quot;,&quot;slides_to_scroll&quot;:&quot;1&quot;}\" data-widget_type=\"jet-posts.default\">\n\t\t\t\t<div class=\"elementor-widget-container\">\n\t\t\t\t\t<div class=\"elementor-jet-posts jet-elements\"><div class=\"jet-posts col-row \"><div class=\"jet-posts__item\">\n\t<div class=\"jet-posts__inner-box\" style=\"background-image: url('https:\/\/elecred.cl\/wp-content\/uploads\/2025\/01\/13.jpg'); background-repeat: no-repeat; background-size: cover; background-position: center center;\"><div class=\"jet-posts__inner-content\"><h4 class=\"entry-title\"><a href=\"https:\/\/elecred.cl\/index.php\/2025\/01\/16\/seguridad-cctv-2\/\" target=\"\">Seguridad CCTV<\/a><\/h4><div class=\"entry-excerpt\">En Elecred, dise\u00f1amos, desarrollamos e instalamos ecosistemas completos de Circuito Cerrado de Televisi\u00f3n (CCTV) adaptados a las necesidades espec\u00edficas de&hellip;<\/div><div class=\"jet-more-wrap\"><a href=\"https:\/\/elecred.cl\/index.php\/2025\/01\/16\/seguridad-cctv-2\/\" class=\"btn btn-primary elementor-button elementor-size-md jet-more\" target=\"\"><span class=\"btn__text\">Leer m\u00e1s<\/span><\/a><\/div><\/div><\/div>\n<\/div>\n<div class=\"jet-posts__item\">\n\t<div class=\"jet-posts__inner-box\" style=\"background-image: url('https:\/\/elecred.cl\/wp-content\/uploads\/2025\/01\/Enlace-punto-a-punto-3.jpg'); background-repeat: no-repeat; background-size: cover; background-position: center center;\"><div class=\"jet-posts__inner-content\"><h4 class=\"entry-title\"><a href=\"https:\/\/elecred.cl\/index.php\/2025\/01\/16\/enlaces-punto-a-punto\/\" target=\"\">Enlaces Punto a Punto<\/a><\/h4><div class=\"entry-excerpt\">En Elecred, ofrecemos soluciones avanzadas en enlaces inal\u00e1mbricos punto a punto dise\u00f1adas para optimizar la conectividad entre equipos y oficinas.&hellip;<\/div><div class=\"jet-more-wrap\"><a href=\"https:\/\/elecred.cl\/index.php\/2025\/01\/16\/enlaces-punto-a-punto\/\" class=\"btn btn-primary elementor-button elementor-size-md jet-more\" target=\"\"><span class=\"btn__text\">Leer m\u00e1s<\/span><\/a><\/div><\/div><\/div>\n<\/div>\n<div class=\"jet-posts__item\">\n\t<div class=\"jet-posts__inner-box\" style=\"background-image: url('https:\/\/elecred.cl\/wp-content\/uploads\/2025\/01\/7.jpg'); background-repeat: no-repeat; background-size: cover; background-position: center center;\"><div class=\"jet-posts__inner-content\"><h4 class=\"entry-title\"><a href=\"https:\/\/elecred.cl\/index.php\/2025\/01\/16\/soporte-tecnico-integral\/\" target=\"\">Soporte T\u00e9cnico Integral<\/a><\/h4><div class=\"entry-excerpt\">En Elecred, entendemos la importancia de mantener los sistemas cr\u00edticos en perfecto funcionamiento. Por ello, ofrecemos un servicio de soporte&hellip;<\/div><div class=\"jet-more-wrap\"><a href=\"https:\/\/elecred.cl\/index.php\/2025\/01\/16\/soporte-tecnico-integral\/\" class=\"btn btn-primary elementor-button elementor-size-md jet-more\" target=\"\"><span class=\"btn__text\">Leer m\u00e1s<\/span><\/a><\/div><\/div><\/div>\n<\/div>\n<div class=\"jet-posts__item\">\n\t<div class=\"jet-posts__inner-box\" style=\"background-image: url('https:\/\/elecred.cl\/wp-content\/uploads\/2025\/01\/10.jpg'); background-repeat: no-repeat; background-size: cover; background-position: center center;\"><div class=\"jet-posts__inner-content\"><h4 class=\"entry-title\"><a href=\"https:\/\/elecred.cl\/index.php\/2025\/01\/16\/seguridad-cctv\/\" target=\"\">Obras Menores<\/a><\/h4><div class=\"entry-excerpt\">En Elecred, complementamos nuestra oferta de servicios con soluciones de obras menores dise\u00f1adas para satisfacer necesidades espec\u00edficas de construcci\u00f3n y&hellip;<\/div><div class=\"jet-more-wrap\"><a href=\"https:\/\/elecred.cl\/index.php\/2025\/01\/16\/seguridad-cctv\/\" class=\"btn btn-primary elementor-button elementor-size-md jet-more\" target=\"\"><span class=\"btn__text\">Leer m\u00e1s<\/span><\/a><\/div><\/div><\/div>\n<\/div>\n<\/div>\n<\/div>\t\t\t\t<\/div>\n\t\t\t\t<\/div>\n\t\t\t\t\t<\/div>\n\t\t<\/div>\n\t\t\t\t\t<\/div>\n\t\t<\/section>\n\t\t\t\t<\/div>\n\t\t","protected":false},"excerpt":{"rendered":"<p>Seguridad CCTVEn Elecred, dise\u00f1amos, desarrollamos e instalamos ecosistemas completos de Circuito Cerrado de Televisi\u00f3n (CCTV) adaptados a las necesidades espec\u00edficas de nuestros clientes.Enlaces Punto a PuntoEn Elecred, ofrecemos soluciones avanzadas en enlaces inal\u00e1mbricos punto a punto dise\u00f1adas para optimizar la conectividad entre equipos y oficinas. Soporte T\u00e9cnico IntegralEn Elecred, entendemos la importancia de mantener los [&hellip;]<\/p>\n","protected":false},"author":3,"featured_media":0,"parent":0,"menu_order":0,"comment_status":"closed","ping_status":"closed","template":"","meta":{"footnotes":""},"class_list":["post-1338","page","type-page","status-publish","hentry"],"_links":{"self":[{"href":"https:\/\/elecred.cl\/index.php\/wp-json\/wp\/v2\/pages\/1338","targetHints":{"allow":["GET"]}}],"collection":[{"href":"https:\/\/elecred.cl\/index.php\/wp-json\/wp\/v2\/pages"}],"about":[{"href":"https:\/\/elecred.cl\/index.php\/wp-json\/wp\/v2\/types\/page"}],"author":[{"embeddable":true,"href":"https:\/\/elecred.cl\/index.php\/wp-json\/wp\/v2\/users\/3"}],"replies":[{"embeddable":true,"href":"https:\/\/elecred.cl\/index.php\/wp-json\/wp\/v2\/comments?post=1338"}],"version-history":[{"count":429,"href":"https:\/\/elecred.cl\/index.php\/wp-json\/wp\/v2\/pages\/1338\/revisions"}],"predecessor-version":[{"id":4887,"href":"https:\/\/elecred.cl\/index.php\/wp-json\/wp\/v2\/pages\/1338\/revisions\/4887"}],"wp:attachment":[{"href":"https:\/\/elecred.cl\/index.php\/wp-json\/wp\/v2\/media?parent=1338"}],"curies":[{"name":"wp","href":"https:\/\/api.w.org\/{rel}","templated":true}]}}