{"id":4763,"date":"2025-01-16T17:27:27","date_gmt":"2025-01-16T17:27:27","guid":{"rendered":"https:\/\/elecred.cl\/?page_id=4763"},"modified":"2025-01-17T21:29:49","modified_gmt":"2025-01-17T21:29:49","slug":"servicios","status":"publish","type":"page","link":"https:\/\/elecred.cl\/index.php\/servicios\/","title":{"rendered":"Servicios"},"content":{"rendered":"\t\t<div data-elementor-type=\"wp-page\" data-elementor-id=\"4763\" class=\"elementor elementor-4763\" data-elementor-post-type=\"page\">\n\t\t\t\t\t\t<section class=\"elementor-section elementor-top-section elementor-element elementor-element-b251ba9 elementor-section-boxed elementor-section-height-default elementor-section-height-default\" data-id=\"b251ba9\" data-element_type=\"section\" data-e-type=\"section\" data-settings=\"{&quot;jet_parallax_layout_list&quot;:[]}\">\n\t\t\t\t\t\t<div class=\"elementor-container elementor-column-gap-default\">\n\t\t\t\t\t<div class=\"elementor-column elementor-col-100 elementor-top-column elementor-element elementor-element-ff3bd13\" data-id=\"ff3bd13\" data-element_type=\"column\" data-e-type=\"column\">\n\t\t\t<div class=\"elementor-widget-wrap elementor-element-populated\">\n\t\t\t\t\t\t<div class=\"elementor-element elementor-element-533fe1a elementor-grid-2 elementor-grid-tablet-2 elementor-grid-mobile-1 elementor-posts--thumbnail-top elementor-widget elementor-widget-posts\" data-id=\"533fe1a\" data-element_type=\"widget\" data-e-type=\"widget\" data-settings=\"{&quot;classic_columns&quot;:&quot;2&quot;,&quot;classic_row_gap&quot;:{&quot;unit&quot;:&quot;px&quot;,&quot;size&quot;:55,&quot;sizes&quot;:[]},&quot;classic_columns_tablet&quot;:&quot;2&quot;,&quot;classic_columns_mobile&quot;:&quot;1&quot;,&quot;classic_row_gap_tablet&quot;:{&quot;unit&quot;:&quot;px&quot;,&quot;size&quot;:&quot;&quot;,&quot;sizes&quot;:[]},&quot;classic_row_gap_mobile&quot;:{&quot;unit&quot;:&quot;px&quot;,&quot;size&quot;:&quot;&quot;,&quot;sizes&quot;:[]}}\" data-widget_type=\"posts.classic\">\n\t\t\t\t<div class=\"elementor-widget-container\">\n\t\t\t\t\t\t\t<div class=\"elementor-posts-container elementor-posts elementor-posts--skin-classic elementor-grid\" role=\"list\">\n\t\t\t\t<article class=\"elementor-post elementor-grid-item post-4784 post type-post status-publish format-standard has-post-thumbnail hentry category-servicios\" role=\"listitem\">\n\t\t\t\t<a class=\"elementor-post__thumbnail__link\" href=\"https:\/\/elecred.cl\/index.php\/2025\/01\/16\/seguridad-cctv-2\/\" tabindex=\"-1\" >\n\t\t\t<div class=\"elementor-post__thumbnail\"><img fetchpriority=\"high\" decoding=\"async\" width=\"800\" height=\"400\" src=\"https:\/\/elecred.cl\/wp-content\/uploads\/2025\/01\/13-1024x512.jpg\" class=\"attachment-large size-large wp-image-4832\" alt=\"\" srcset=\"https:\/\/elecred.cl\/wp-content\/uploads\/2025\/01\/13-1024x512.jpg 1024w, https:\/\/elecred.cl\/wp-content\/uploads\/2025\/01\/13-300x150.jpg 300w, https:\/\/elecred.cl\/wp-content\/uploads\/2025\/01\/13-768x384.jpg 768w, https:\/\/elecred.cl\/wp-content\/uploads\/2025\/01\/13-1536x768.jpg 1536w, https:\/\/elecred.cl\/wp-content\/uploads\/2025\/01\/13-600x300.jpg 600w, https:\/\/elecred.cl\/wp-content\/uploads\/2025\/01\/13.jpg 2000w\" sizes=\"(max-width: 800px) 100vw, 800px\" \/><\/div>\n\t\t<\/a>\n\t\t\t\t<div class=\"elementor-post__text\">\n\t\t\t\t<h3 class=\"elementor-post__title\">\n\t\t\t<a href=\"https:\/\/elecred.cl\/index.php\/2025\/01\/16\/seguridad-cctv-2\/\" >\n\t\t\t\tSeguridad CCTV\t\t\t<\/a>\n\t\t<\/h3>\n\t\t\t\t<div class=\"elementor-post__excerpt\">\n\t\t\t<p>En Elecred, dise\u00f1amos, desarrollamos e instalamos ecosistemas completos de Circuito Cerrado de Televisi\u00f3n (CCTV) adaptados a las necesidades espec\u00edficas de nuestros clientes. Nuestras soluciones abarcan c\u00e1maras de \u00faltima generaci\u00f3n con<\/p>\n\t\t<\/div>\n\t\t\n\t\t<a class=\"elementor-post__read-more\" href=\"https:\/\/elecred.cl\/index.php\/2025\/01\/16\/seguridad-cctv-2\/\" aria-label=\"M\u00e1s informaci\u00f3n sobre Seguridad CCTV\" tabindex=\"-1\" >\n\t\t\tLeer m\u00e1s \u00bb\t\t<\/a>\n\n\t\t\t\t<\/div>\n\t\t\t\t<\/article>\n\t\t\t\t<article class=\"elementor-post elementor-grid-item post-4776 post type-post status-publish format-standard has-post-thumbnail hentry category-servicios\" role=\"listitem\">\n\t\t\t\t<a class=\"elementor-post__thumbnail__link\" href=\"https:\/\/elecred.cl\/index.php\/2025\/01\/16\/enlaces-punto-a-punto\/\" tabindex=\"-1\" >\n\t\t\t<div class=\"elementor-post__thumbnail\"><img decoding=\"async\" width=\"800\" height=\"400\" src=\"https:\/\/elecred.cl\/wp-content\/uploads\/2025\/01\/Enlace-punto-a-punto-3-1024x512.jpg\" class=\"attachment-large size-large wp-image-4833\" alt=\"\" srcset=\"https:\/\/elecred.cl\/wp-content\/uploads\/2025\/01\/Enlace-punto-a-punto-3-1024x512.jpg 1024w, https:\/\/elecred.cl\/wp-content\/uploads\/2025\/01\/Enlace-punto-a-punto-3-300x150.jpg 300w, https:\/\/elecred.cl\/wp-content\/uploads\/2025\/01\/Enlace-punto-a-punto-3-768x384.jpg 768w, https:\/\/elecred.cl\/wp-content\/uploads\/2025\/01\/Enlace-punto-a-punto-3-1536x768.jpg 1536w, https:\/\/elecred.cl\/wp-content\/uploads\/2025\/01\/Enlace-punto-a-punto-3-600x300.jpg 600w, https:\/\/elecred.cl\/wp-content\/uploads\/2025\/01\/Enlace-punto-a-punto-3.jpg 2000w\" sizes=\"(max-width: 800px) 100vw, 800px\" \/><\/div>\n\t\t<\/a>\n\t\t\t\t<div class=\"elementor-post__text\">\n\t\t\t\t<h3 class=\"elementor-post__title\">\n\t\t\t<a href=\"https:\/\/elecred.cl\/index.php\/2025\/01\/16\/enlaces-punto-a-punto\/\" >\n\t\t\t\tEnlaces Punto a Punto\t\t\t<\/a>\n\t\t<\/h3>\n\t\t\t\t<div class=\"elementor-post__excerpt\">\n\t\t\t<p>En Elecred, ofrecemos soluciones avanzadas en enlaces inal\u00e1mbricos punto a punto dise\u00f1adas para optimizar la conectividad entre equipos y oficinas. Estas soluciones permiten establecer conexiones r\u00e1pidas, seguras y eficientes entre<\/p>\n\t\t<\/div>\n\t\t\n\t\t<a class=\"elementor-post__read-more\" href=\"https:\/\/elecred.cl\/index.php\/2025\/01\/16\/enlaces-punto-a-punto\/\" aria-label=\"M\u00e1s informaci\u00f3n sobre Enlaces Punto a Punto\" tabindex=\"-1\" >\n\t\t\tLeer m\u00e1s \u00bb\t\t<\/a>\n\n\t\t\t\t<\/div>\n\t\t\t\t<\/article>\n\t\t\t\t<article class=\"elementor-post elementor-grid-item post-4771 post type-post status-publish format-standard has-post-thumbnail hentry category-servicios\" role=\"listitem\">\n\t\t\t\t<a class=\"elementor-post__thumbnail__link\" href=\"https:\/\/elecred.cl\/index.php\/2025\/01\/16\/soporte-tecnico-integral\/\" tabindex=\"-1\" >\n\t\t\t<div class=\"elementor-post__thumbnail\"><img decoding=\"async\" width=\"800\" height=\"400\" src=\"https:\/\/elecred.cl\/wp-content\/uploads\/2025\/01\/7-1024x512.jpg\" class=\"attachment-large size-large wp-image-4835\" alt=\"\" srcset=\"https:\/\/elecred.cl\/wp-content\/uploads\/2025\/01\/7-1024x512.jpg 1024w, https:\/\/elecred.cl\/wp-content\/uploads\/2025\/01\/7-300x150.jpg 300w, https:\/\/elecred.cl\/wp-content\/uploads\/2025\/01\/7-768x384.jpg 768w, https:\/\/elecred.cl\/wp-content\/uploads\/2025\/01\/7-1536x768.jpg 1536w, https:\/\/elecred.cl\/wp-content\/uploads\/2025\/01\/7-600x300.jpg 600w, https:\/\/elecred.cl\/wp-content\/uploads\/2025\/01\/7.jpg 2000w\" sizes=\"(max-width: 800px) 100vw, 800px\" \/><\/div>\n\t\t<\/a>\n\t\t\t\t<div class=\"elementor-post__text\">\n\t\t\t\t<h3 class=\"elementor-post__title\">\n\t\t\t<a href=\"https:\/\/elecred.cl\/index.php\/2025\/01\/16\/soporte-tecnico-integral\/\" >\n\t\t\t\tSoporte T\u00e9cnico Integral\t\t\t<\/a>\n\t\t<\/h3>\n\t\t\t\t<div class=\"elementor-post__excerpt\">\n\t\t\t<p>En Elecred, entendemos la importancia de mantener los sistemas cr\u00edticos en perfecto funcionamiento. Por ello, ofrecemos un servicio de soporte t\u00e9cnico integral que cubre \u00e1reas fundamentales para hogares y empresas.<\/p>\n\t\t<\/div>\n\t\t\n\t\t<a class=\"elementor-post__read-more\" href=\"https:\/\/elecred.cl\/index.php\/2025\/01\/16\/soporte-tecnico-integral\/\" aria-label=\"M\u00e1s informaci\u00f3n sobre Soporte T\u00e9cnico Integral\" tabindex=\"-1\" >\n\t\t\tLeer m\u00e1s \u00bb\t\t<\/a>\n\n\t\t\t\t<\/div>\n\t\t\t\t<\/article>\n\t\t\t\t<article class=\"elementor-post elementor-grid-item post-4765 post type-post status-publish format-standard has-post-thumbnail hentry category-servicios\" role=\"listitem\">\n\t\t\t\t<a class=\"elementor-post__thumbnail__link\" href=\"https:\/\/elecred.cl\/index.php\/2025\/01\/16\/seguridad-cctv\/\" tabindex=\"-1\" >\n\t\t\t<div class=\"elementor-post__thumbnail\"><img loading=\"lazy\" decoding=\"async\" width=\"800\" height=\"400\" src=\"https:\/\/elecred.cl\/wp-content\/uploads\/2025\/01\/10-1024x512.jpg\" class=\"attachment-large size-large wp-image-4834\" alt=\"\" srcset=\"https:\/\/elecred.cl\/wp-content\/uploads\/2025\/01\/10-1024x512.jpg 1024w, https:\/\/elecred.cl\/wp-content\/uploads\/2025\/01\/10-300x150.jpg 300w, https:\/\/elecred.cl\/wp-content\/uploads\/2025\/01\/10-768x384.jpg 768w, https:\/\/elecred.cl\/wp-content\/uploads\/2025\/01\/10-1536x768.jpg 1536w, https:\/\/elecred.cl\/wp-content\/uploads\/2025\/01\/10-600x300.jpg 600w, https:\/\/elecred.cl\/wp-content\/uploads\/2025\/01\/10.jpg 2000w\" sizes=\"(max-width: 800px) 100vw, 800px\" \/><\/div>\n\t\t<\/a>\n\t\t\t\t<div class=\"elementor-post__text\">\n\t\t\t\t<h3 class=\"elementor-post__title\">\n\t\t\t<a href=\"https:\/\/elecred.cl\/index.php\/2025\/01\/16\/seguridad-cctv\/\" >\n\t\t\t\tObras Menores\t\t\t<\/a>\n\t\t<\/h3>\n\t\t\t\t<div class=\"elementor-post__excerpt\">\n\t\t\t<p>En Elecred, complementamos nuestra oferta de servicios con soluciones de obras menores dise\u00f1adas para satisfacer necesidades espec\u00edficas de construcci\u00f3n y mantenimiento. Nos especializamos en proyectos que abarcan desde remodelaciones hasta<\/p>\n\t\t<\/div>\n\t\t\n\t\t<a class=\"elementor-post__read-more\" href=\"https:\/\/elecred.cl\/index.php\/2025\/01\/16\/seguridad-cctv\/\" aria-label=\"M\u00e1s informaci\u00f3n sobre Obras Menores\" tabindex=\"-1\" >\n\t\t\tLeer m\u00e1s \u00bb\t\t<\/a>\n\n\t\t\t\t<\/div>\n\t\t\t\t<\/article>\n\t\t\t\t<\/div>\n\t\t\n\t\t\t\t\t\t<\/div>\n\t\t\t\t<\/div>\n\t\t\t\t\t<\/div>\n\t\t<\/div>\n\t\t\t\t\t<\/div>\n\t\t<\/section>\n\t\t\t\t<\/div>\n\t\t","protected":false},"excerpt":{"rendered":"","protected":false},"author":3,"featured_media":0,"parent":0,"menu_order":0,"comment_status":"closed","ping_status":"closed","template":"","meta":{"footnotes":""},"class_list":["post-4763","page","type-page","status-publish","hentry"],"_links":{"self":[{"href":"https:\/\/elecred.cl\/index.php\/wp-json\/wp\/v2\/pages\/4763","targetHints":{"allow":["GET"]}}],"collection":[{"href":"https:\/\/elecred.cl\/index.php\/wp-json\/wp\/v2\/pages"}],"about":[{"href":"https:\/\/elecred.cl\/index.php\/wp-json\/wp\/v2\/types\/page"}],"author":[{"embeddable":true,"href":"https:\/\/elecred.cl\/index.php\/wp-json\/wp\/v2\/users\/3"}],"replies":[{"embeddable":true,"href":"https:\/\/elecred.cl\/index.php\/wp-json\/wp\/v2\/comments?post=4763"}],"version-history":[{"count":7,"href":"https:\/\/elecred.cl\/index.php\/wp-json\/wp\/v2\/pages\/4763\/revisions"}],"predecessor-version":[{"id":4867,"href":"https:\/\/elecred.cl\/index.php\/wp-json\/wp\/v2\/pages\/4763\/revisions\/4867"}],"wp:attachment":[{"href":"https:\/\/elecred.cl\/index.php\/wp-json\/wp\/v2\/media?parent=4763"}],"curies":[{"name":"wp","href":"https:\/\/api.w.org\/{rel}","templated":true}]}}